{"id":60,"date":"2019-02-28T09:35:09","date_gmt":"2019-02-28T09:35:09","guid":{"rendered":"http:\/\/www.psychotherapie-sonnenberg.at\/?page_id=60"},"modified":"2024-11-28T11:27:42","modified_gmt":"2024-11-28T11:27:42","slug":"kontakt","status":"publish","type":"page","link":"https:\/\/www.psychotherapie-sonnenberg.at\/en\/kontakt\/","title":{"rendered":"Contact"},"content":{"rendered":"\n<h3 class=\"wp-block-heading\">Contact data<\/h3>\n\n\n\n<p class=\"has-text-align-left\">Thomas Sonnenberg<br>Matth\u00e4usgasse 12\/8<br>1030 Vienna<br>Austria<\/p>\n\n\n\n<p class=\"has-text-align-left\">Phone: 0681 \/ 10 29 43 21<br>E-Mail: <a href=\"mailto:office@psychotherapie-sonnenberg.at\">office@psychotherapie-sonnenberg.at<\/a><br>Web: <a href=\"https:\/\/www.psychotherapie-sonnenberg.at\">https:\/\/www.psychotherapie-sonnenberg.at<\/a><\/p>\n\n\n\n<p class=\"has-text-align-left\">Appointments must be made by telephone!<\/p>\n\n\n\n<p class=\"has-text-align-left\"><strong>Important note:<\/strong> In very rare cases e-mails are falsely considered spam by the receiving mail servers. Please check your spam folder on your mail server regularly, especially if you expect an e-mail from me but have not received one within 24 hours. In such cases, please contact me by phone.<\/p>\n\n\n\n<h3 class=\"wp-block-heading\">Map<\/h3>\n\n\n\n<p class=\"has-text-align-left\">The private practice is located in the near vicinity of the underground stations <em>Landstra\u00dfe<\/em> (U4, U3), the <em>Schnellbahn<\/em> station <em>Wien Mitte<\/em>, the bus station <em>Landstra\u00dfe<\/em> (bus line 74A) as well as the tram station <em>Hintere Zollamtsstra\u00dfe<\/em> (tram lines O and 1).<\/p>\n\n\n\n<p class=\"has-text-align-left\"><!-- <a href=\"https:\/\/www.google.com\/maps\/place\/Matth%C3%A4usgasse+12,+1030+Wien\/@48.209932,16.387973,16z\/data=!4m5!3m4!1s0x476d070c85603c63:0xde5e23f1d7acbc12!8m2!3d48.209932!4d16.3879726?hl=en\" target=\"_blank\" rel=\"noreferrer noopener nofollow\">View on Google Maps in a new tab<\/a> (note: the privacy policy of Google applies). --><\/p>\n\n\n\n<p><iframe src=\"https:\/\/www.google.com\/maps\/embed?pb=!1m18!1m12!1m3!1d2658.82783632924!2d16.38578391565153!3d48.20993197922931!2m3!1f0!2f0!3f0!3m2!1i1024!2i768!4f13.1!3m3!1m2!1s0x476d070c85603c63%3A0xde5e23f1d7acbc12!2sMatth%C3%A4usgasse%2012%2C%201030%20Wien!5e0!3m2!1sde!2sat!4v1640288544517!5m2!1sen!2sat\" style=\"border:0\" width=\"480\" height=\"480\" frameborder=\"0\"><!--webbot \nbot=\"HTMLMarkup\" endspan --><\/iframe><\/p>\n\n\n\n<p>&nbsp;<\/p>\n","protected":false},"excerpt":{"rendered":"<p>Contact data Thomas SonnenbergMatth\u00e4usgasse 12\/81030 ViennaAustria Phone: 0681 \/ 10 29 43 21E-Mail: office@psychotherapie-sonnenberg.atWeb: https:\/\/www.psychotherapie-sonnenberg.at Appointments must be made by telephone! Important note: In very rare cases e-mails are falsely considered spam by the receiving mail servers. Please check your spam folder on your mail server regularly, especially if you expect an e-mail from me but have not received one within 24 hours. In such cases, please contact me by phone. Map The private practice is located in the near vicinity of the underground stations Landstra\u00dfe (U4, U3), the Schnellbahn station Wien Mitte, the bus station Landstra\u00dfe (bus line 74A) as well as the tram station Hintere Zollamtsstra\u00dfe (tram lines O and 1). &nbsp;<\/p>\n","protected":false},"author":1,"featured_media":0,"parent":0,"menu_order":0,"comment_status":"closed","ping_status":"closed","template":"","meta":{"footnotes":""},"class_list":["post-60","page","type-page","status-publish","hentry"],"translation":{"provider":"WPGlobus","version":"3.0.2","language":"en","enabled_languages":["de","en"],"languages":{"de":{"title":true,"content":true,"excerpt":false},"en":{"title":true,"content":true,"excerpt":false}}},"_links":{"self":[{"href":"https:\/\/www.psychotherapie-sonnenberg.at\/en\/wp-json\/wp\/v2\/pages\/60","targetHints":{"allow":["GET"]}}],"collection":[{"href":"https:\/\/www.psychotherapie-sonnenberg.at\/en\/wp-json\/wp\/v2\/pages"}],"about":[{"href":"https:\/\/www.psychotherapie-sonnenberg.at\/en\/wp-json\/wp\/v2\/types\/page"}],"author":[{"embeddable":true,"href":"https:\/\/www.psychotherapie-sonnenberg.at\/en\/wp-json\/wp\/v2\/users\/1"}],"replies":[{"embeddable":true,"href":"https:\/\/www.psychotherapie-sonnenberg.at\/en\/wp-json\/wp\/v2\/comments?post=60"}],"version-history":[{"count":77,"href":"https:\/\/www.psychotherapie-sonnenberg.at\/en\/wp-json\/wp\/v2\/pages\/60\/revisions"}],"predecessor-version":[{"id":1493,"href":"https:\/\/www.psychotherapie-sonnenberg.at\/en\/wp-json\/wp\/v2\/pages\/60\/revisions\/1493"}],"wp:attachment":[{"href":"https:\/\/www.psychotherapie-sonnenberg.at\/en\/wp-json\/wp\/v2\/media?parent=60"}],"curies":[{"name":"wp","href":"https:\/\/api.w.org\/{rel}","templated":true}]}}