{"id":143,"date":"2019-03-01T11:31:07","date_gmt":"2019-03-01T11:31:07","guid":{"rendered":"http:\/\/www.psychotherapie-sonnenberg.at\/?page_id=143"},"modified":"2025-02-27T10:59:17","modified_gmt":"2025-02-27T10:59:17","slug":"impressum","status":"publish","type":"page","link":"https:\/\/www.psychotherapie-sonnenberg.at\/en\/impressum\/","title":{"rendered":"Impressum, Copyright und Disclaimer"},"content":{"rendered":"\n<h4 class=\"wp-block-heading\">Impressum<\/h4>\n\n\n\n<p class=\"has-text-align-left\">Ing. Thomas Sonnenberg<br>Psychotherapeut (Humanistische Therapie \/ Personzentrierte Psychotherapie)<\/p>\n\n\n\n<p class=\"has-text-align-left\"><strong>Praxisadresse:<\/strong><br>Matth\u00e4usgasse 12\/8<br>1030 Wien<br>\u00d6sterreich<br>       <br><strong>Telefon:<\/strong> +43 (681) 10 29 43 21<br><strong>E-Mail:<\/strong> <a href=\"mailto:office@psychotherapie-sonnenberg.at\">office@psychotherapie-sonnenberg.at<\/a><br>WWW: <a href=\"https:\/\/www.psychotherapie-sonnenberg.at\">https:\/\/www.psychotherapie-sonnenberg.at<\/a><\/p>\n\n\n\n<h4 class=\"wp-block-heading\">Haftungsausschluss, Copyright, Disclaimer<\/h4>\n\n\n\n<p class=\"has-text-align-left\"><strong>Haftungsausschluss:<\/strong><br>Der Zugang und die Benutzung der Website wie auch jeder darin enthaltenen oder referenzierten Information geschieht in der alleinigen Verantwortung des Benutzers. Alle Angaben auf dieser Homepage sind sorgf\u00e4ltig zusammengestellt und \u00fcberpr\u00fcft. Trotzdem kann f\u00fcr die Richtigkeit und Vollst\u00e4ndigkeit und Aktualit\u00e4t der hier wiedergegebenen Informationen (insbesondere bez\u00fcglich der Inhalte von Links und sonstiger Verweise auf Seiten dritter Informationsanbieter) keine Gew\u00e4hr bzw. Verantwortung \u00fcbernommen werden. \u00c4nderungen und Irrt\u00fcmer sind vorbehalten. Der Siteinhaber \u00fcbernimmt keine wie immer gearteten Verpflichtungen oder Rechtsanspr\u00fcche, welche aus auf diesen Seiten dargestellten Informationen hervorgehen k\u00f6nnten. F\u00fcr den Inhalt der verlinkten Seiten sind ausschlie\u00dflich deren Betreiber verantwortlich.<br>Links auf die Hauptseite dieser Website sind erlaubt, sofern sie als externe Links gef\u00fchrt werden; Deep-Linking ist jedoch untersagt.<br>Jede Haftung f\u00fcr etwaige Sch\u00e4den, die aus der Benutzung, den publizierten Informationen und Querverweisen (Links) oder der Nichtverf\u00fcgbarkeit       dieser Website entstehen, ist ausgeschlossen.<br>Die Nutzung der im Rahmen des Impressums oder vergleichbarer Angaben ver\u00f6ffentlichten Kontaktdaten wie Postanschriften, Telefon- und Faxnummern sowie E-Mail-Adressen durch Dritte zur \u00dcbersendung von nicht ausdr\u00fccklich angeforderten Werbe-Informationen ist nicht gestattet. Rechtliche Schritte gegen die Versender von sogenannten Spam-Mails oder gegen Werbeanrufer bei Verst\u00f6ssen gegen dieses Verbot sind ausdr\u00fccklich vorbehalten.<\/p>\n\n\n\n<p class=\"has-text-align-left\"><strong>Copyright und Credits:<\/strong><br>Logo und alle Fotos auf dieser Seite: Ing. Thomas Sonnenberg<br>Inhalt, Gestaltung, Design und Umsetzung: Ing. Thomas Sonnenberg<br> Designt mit WordPress (Theme: Ashe by WP Royal) <br>Anfahrtsplan: Google Maps<br>S\u00e4mtliche Inhalte dieser Website sind urheberrechtlich gesch\u00fctzt. Eine \u00fcber den privaten Eigenbedarf hinausgehende Nutzung von Inhalten erfordert die schriftliche Zustimmung von Ing. Thomas Sonnenberg.<\/p>\n\n\n\n<p>&nbsp;<\/p>\n","protected":false},"excerpt":{"rendered":"<p>Impressum Ing. Thomas SonnenbergPsychotherapeut (Humanistische Therapie \/ Personzentrierte Psychotherapie) Praxisadresse:Matth\u00e4usgasse 12\/81030 Wien\u00d6sterreich Telefon: +43 (681) 10 29 43 21E-Mail: office@psychotherapie-sonnenberg.atWWW: https:\/\/www.psychotherapie-sonnenberg.at Haftungsausschluss, Copyright, Disclaimer Haftungsausschluss:Der Zugang und die Benutzung der Website wie auch jeder darin enthaltenen oder referenzierten Information geschieht in der alleinigen Verantwortung des Benutzers. Alle Angaben auf dieser Homepage sind sorgf\u00e4ltig zusammengestellt und \u00fcberpr\u00fcft. Trotzdem kann f\u00fcr die Richtigkeit und Vollst\u00e4ndigkeit und Aktualit\u00e4t der hier wiedergegebenen Informationen (insbesondere bez\u00fcglich der Inhalte von Links und sonstiger Verweise auf Seiten dritter Informationsanbieter) keine Gew\u00e4hr bzw. Verantwortung \u00fcbernommen werden. \u00c4nderungen und Irrt\u00fcmer sind vorbehalten. Der Siteinhaber \u00fcbernimmt keine wie immer gearteten Verpflichtungen oder Rechtsanspr\u00fcche, welche aus auf diesen Seiten dargestellten Informationen hervorgehen k\u00f6nnten. F\u00fcr den Inhalt der verlinkten Seiten sind ausschlie\u00dflich deren Betreiber verantwortlich.Links auf die Hauptseite dieser Website sind erlaubt, sofern sie als externe Links gef\u00fchrt werden; Deep-Linking ist jedoch untersagt.Jede Haftung f\u00fcr etwaige Sch\u00e4den, die aus der Benutzung, den publizierten Informationen und Querverweisen (Links) oder der Nichtverf\u00fcgbarkeit dieser Website entstehen, ist ausgeschlossen.Die Nutzung der im Rahmen des Impressums oder vergleichbarer Angaben ver\u00f6ffentlichten Kontaktdaten wie Postanschriften, Telefon- und Faxnummern sowie E-Mail-Adressen durch Dritte zur \u00dcbersendung von nicht ausdr\u00fccklich angeforderten Werbe-Informationen ist nicht gestattet. Rechtliche Schritte gegen die Versender von sogenannten Spam-Mails oder gegen Werbeanrufer bei Verst\u00f6ssen gegen dieses Verbot sind ausdr\u00fccklich vorbehalten. Copyright und Credits:Logo und alle Fotos auf dieser Seite: Ing. Thomas SonnenbergInhalt, Gestaltung, Design und Umsetzung: Ing. Thomas Sonnenberg Designt mit WordPress (Theme: Ashe by WP Royal) Anfahrtsplan: Google MapsS\u00e4mtliche Inhalte dieser Website sind urheberrechtlich gesch\u00fctzt. Eine \u00fcber den privaten Eigenbedarf hinausgehende Nutzung von Inhalten erfordert die schriftliche Zustimmung von Ing. Thomas Sonnenberg. &nbsp;<\/p>\n","protected":false},"author":1,"featured_media":0,"parent":0,"menu_order":0,"comment_status":"closed","ping_status":"closed","template":"","meta":{"footnotes":""},"class_list":["post-143","page","type-page","status-publish","hentry"],"translation":{"provider":"WPGlobus","version":"3.0.2","language":"en","enabled_languages":["de","en"],"languages":{"de":{"title":true,"content":true,"excerpt":false},"en":{"title":true,"content":true,"excerpt":false}}},"_links":{"self":[{"href":"https:\/\/www.psychotherapie-sonnenberg.at\/en\/wp-json\/wp\/v2\/pages\/143","targetHints":{"allow":["GET"]}}],"collection":[{"href":"https:\/\/www.psychotherapie-sonnenberg.at\/en\/wp-json\/wp\/v2\/pages"}],"about":[{"href":"https:\/\/www.psychotherapie-sonnenberg.at\/en\/wp-json\/wp\/v2\/types\/page"}],"author":[{"embeddable":true,"href":"https:\/\/www.psychotherapie-sonnenberg.at\/en\/wp-json\/wp\/v2\/users\/1"}],"replies":[{"embeddable":true,"href":"https:\/\/www.psychotherapie-sonnenberg.at\/en\/wp-json\/wp\/v2\/comments?post=143"}],"version-history":[{"count":19,"href":"https:\/\/www.psychotherapie-sonnenberg.at\/en\/wp-json\/wp\/v2\/pages\/143\/revisions"}],"predecessor-version":[{"id":1688,"href":"https:\/\/www.psychotherapie-sonnenberg.at\/en\/wp-json\/wp\/v2\/pages\/143\/revisions\/1688"}],"wp:attachment":[{"href":"https:\/\/www.psychotherapie-sonnenberg.at\/en\/wp-json\/wp\/v2\/media?parent=143"}],"curies":[{"name":"wp","href":"https:\/\/api.w.org\/{rel}","templated":true}]}}