{"id":141,"date":"2019-03-13T11:27:10","date_gmt":"2019-03-13T11:27:10","guid":{"rendered":"http:\/\/www.psychotherapie-sonnenberg.at\/?page_id=141"},"modified":"2025-06-09T09:06:44","modified_gmt":"2025-06-09T09:06:44","slug":"datenschutzerklaerung","status":"publish","type":"page","link":"https:\/\/www.psychotherapie-sonnenberg.at\/en\/datenschutzerklaerung\/","title":{"rendered":"Datenschutzerkl\u00e4rung"},"content":{"rendered":"\n<p class=\"has-text-align-left\">Diese Datenschutzerkl\u00e4rung bezieht sich auf meine Webseite und die im Zusammenhang mit dem Besuch dieser Webseite gesammelten Daten, aber nicht auf Daten, die im Rahmen einer Psychotherapie gesammelt werden.<\/p>\n\n\n\n<h4 class=\"wp-block-heading\">Verantwortlicher<\/h4>\n\n\n\n<p class=\"has-text-align-left\">Ing. Thomas Sonnenberg<br>Matth\u00e4usgasse 12\/8<br>1030 Wien<br>\u00d6sterreich<br><br>Telefon: +43 (681) 10 29 43 21<br>Mail: <a href=\"mailto:office@psychotherapie-sonnenberg.at\">office@psychotherapie-sonnenberg.at<\/a><\/p>\n\n\n\n<h4 class=\"wp-block-heading\">Datenschutz<\/h4>\n\n\n\n<p class=\"has-text-align-left\">Wenn Sie telefonisch oder per E-Mail Kontakt mit mir aufnehmen, geben Sie ihr Einverst\u00e4ndnis, einen R\u00fcckruf und\/oder Informationen von mir zu erhalten. Ihre angegebenen Daten werden zwecks Bearbeitung der Anfrage, Zusendung von Infomaterial und f\u00fcr den Fall von weiteren Fragen f\u00fcr sechs Monate bei mir gespeichert (Grundlage daf\u00fcr sind Art. 6 Abs. 1 lit. a und Art. 6 Abs. 1 lit. b DSGVO). Zwingende gesetzliche Bestimmungen \u2013 insbesondere Dokumentationspflicht und Aufbewahrungsfristen \u2013 bleiben davon unber\u00fchrt. <\/p>\n\n\n\n<p class=\"has-text-align-left\">Ihre Kontaktdaten werden von mir nicht f\u00fcr Werbezwecke verwendet. Die erhobenen Daten werden auch nicht verkauft oder aus anderen Gr\u00fcnden an Dritte weitergegeben, es sei denn, ich werde gesetzlich zur Herausgabe an auskunftsberechtigte Stellen verpflichtet oder Sie geben Ihre ausdr\u00fcckliche Einwilligung dazu.<\/p>\n\n\n\n<p class=\"has-text-align-left\">Ich weise darauf hin, dass die Daten\u00fcbertragung im Internet (z.B. bei der Kommunikation per E-Mail) Sicherheitsl\u00fccken aufweisen kann. Ein l\u00fcckenloser Schutz der Daten vor dem Zugriff durch Dritte ist technisch nicht m\u00f6glich. Ich \u00fcbernehme keine Haftung f\u00fcr nicht vom Betreiber dieser Webseite  verursachte Fehler bei der Daten\u00fcbertragung sowie beim unautorisierten Zugriff durch Dritte. <\/p>\n\n\n\n<h4 class=\"wp-block-heading\">Ihre Rechte<\/h4>\n\n\n\n<p class=\"has-text-align-left\">Sie haben im Rahmen der geltenden gesetzlichen Bestimmungen das Recht auf unentgeltliche Auskunft \u00fcber Ihre gespeicherten personenbezogenen Daten, deren Herkunft und Empf\u00e4nger und den Zweck der Datenverarbeitung und ggf. ein Recht auf Berichtigung, Sperrung oder L\u00f6schung dieser Daten. Hierzu sowie zu weiteren Fragen zum Thema personenbezogene Daten k\u00f6nnen Sie sich unter der im Impressum angegebenen Adresse an mich wenden.<\/p>\n\n\n\n<p class=\"has-text-align-left\">Die Rechtm\u00e4\u00dfigkeit der bis zu einem etwaigen Widerruf erfolgten Datenverarbeitungsvorg\u00e4nge bleibt vom Widerruf unber\u00fchrt.<\/p>\n\n\n\n<p class=\"has-text-align-left\">Wenn Sie glauben, dass die Verarbeitung Ihrer Daten gegen das Datenschutzrecht verst\u00f6\u00dft oder Ihre datenschutzrechtlichen Anspr\u00fcche sonst in einer Weise verletzt worden sind, k\u00f6nnen Sie sich bei der Aufsichtsbeh\u00f6rde beschweren. In \u00d6sterreich ist dies die Datenschutzbeh\u00f6rde.<\/p>\n\n\n\n<h4 class=\"wp-block-heading\">Cookies<\/h4>\n\n\n\n<p class=\"has-text-align-left\">Diese Webseite verwendet nur Cookies, die keine personenbezogenen Daten beinhalten. Es handelt sich dabei um f\u00fcr den Betrieb der Webseite technisch notwendige Cookies. Durch die Benutzung dieser Webseite erkl\u00e4ren Sie sich einverstanden, die Cookies zuzulassen.<\/p>\n\n\n\n<p class=\"has-text-align-left\">Die folgenden Cookies werden von dieser Webseite angelegt und verwendet:<br>wpglobus-language (f\u00fcr Spracheinstellung)<br>wpglobus-language-old (f\u00fcr Spracheinstellung) <br>cookieconsent_status (f\u00fcr Cookie-Benachrichtigung)<\/p>\n\n\n\n<p class=\"has-text-align-left\">Au\u00dferdem k\u00f6nnen verlinkte Seiten\/Dienste anderer Inhaber Cookies verwenden. Hierzu geh\u00f6ren auch die von dieser Seite verwendeten Google Maps (siehe unten). Sie k\u00f6nnen sich in den Datenschutzerkl\u00e4rungen der Seiten anderer Inhaber \u00fcber deren Regelungen informieren.<\/p>\n\n\n\n<p class=\"has-text-align-left\">In den Einstellungen Ihres Webbrowsers k\u00f6nnen Sie festlegen, ob Sie  Cookies zulassen wollen, und Sie k\u00f6nnen bereits gesetzte Cookies  l\u00f6schen. Im Internet k\u00f6nnen Sie sich informieren, wie Sie diese  Einstellungen in Ihrem Webbrowser vornehmen k\u00f6nnen. Bei Nichtverwendung  von Cookies bietet diese Website aber m\u00f6glicherweise nicht den von Ihnen  erwarteten Funktionsumfang. <\/p>\n\n\n\n<h4 class=\"wp-block-heading\">Profiling<\/h4>\n\n\n\n<p class=\"has-text-align-left\">Ihre Daten werden von mir nicht f\u00fcr eine automatische Entscheidungsfindung oder f\u00fcr Profiling verwendet.<\/p>\n\n\n\n<h4 class=\"wp-block-heading\">Google Webfonts<\/h4>\n\n\n\n<p class=\"has-text-align-left\">Zur optisch verbesserten Darstellung verschiedener Informationen auf dieser Website werden Google Webfonts (<a href=\"http:\/\/www.google.com\/webfonts\/\" target=\"_blank\" rel=\"noreferrer noopener nofollow\">http:\/\/www.google.com\/webfonts\/<\/a>) verwendet; diese werden jedoch nicht von den Servern von Google geladen, sondern sie sind auf den Servern, auf denen die Webseite www.psychotherapie-sonnenberg.at gehostet wird, lokal gespeichert und werden von dort in den Browser \u00fcbertragen. Beim Betrachten dieser Webseite werden daher keine anwenderspezifischen Daten (z.B. IP-Adressen) an Google und die ressourcenspezifischen Domains fonts.googleapis.com oder fonts.gstatic.com gesendet.<\/p>\n\n\n\n<p class=\"has-text-align-left\">Die Webfonts werden beim Aufruf der Seite in den Cache des Browsers \u00fcbertragen, um sie f\u00fcr die Darstellung nutzen zu k\u00f6nnen. Falls der Browser die Google Webfonts nicht unterst\u00fctzt oder Sie den den Zugriff darauf unterbinden, wird der Text in einer Standardschrift angezeigt.<\/p>\n\n\n\n<h4 class=\"wp-block-heading\">Google Maps<\/h4>\n\n\n\n<p class=\"has-text-align-left\">Diese Webseite verwendet Google Maps, um den Standort der Praxis darzustellen, damit Sie diese leichter auffinden k\u00f6nnen. Dies stellt ein berechtigtes Interesse im Sinne von Art. 6 Abs. 1 lit. f DSGVO dar. <\/p>\n\n\n\n<p class=\"has-text-align-left\">Eine Verbindung zu Servern von Google zum Anzeigen von Google Maps wird nur aufgebaut, wenn Sie dem Laden von Google Maps durch Klicken auf den Link &#8220;Google Karte laden&#8221; (auf der Kontakt-Seite dieser Webseite) zustimmen. Erst dann werden zur Nutzung der Funktionen von Google Maps anwenderspezifische Daten (z.B. Ihre IP-Adresse) erhoben, an Server von Google in den USA \u00fcbertragen, dort verarbeitet und gespeichert.  Der Anbieter der Webseite www.psychotherapie-sonnenberg.at hat keinen weiteren Einfluss auf diese Daten\u00fcbertragung. Google Maps wird von Google Inc., 1600 Amphitheatre Parkway, Mountain View, CA 94043, USA betrieben.<\/p>\n\n\n\n<p class=\"has-text-align-left\">Zur Nutzung der Funktionen von Google Maps wird Ihre IP-Adresse in der Regel an einen Server von Google in den USA \u00fcbertragen und dort gespeichert.              <\/p>\n\n\n\n<p class=\"has-text-align-left\">Mit der Nutzung der Google Maps, die auf dieser Webseite dieser Webseite verlinkt oder eingebettet sind, erkl\u00e4ren Sie sich mit der Verarbeitung der \u00fcber Sie gesammelten Daten durch Google einverstanden. Die Nutzungsbedingungen f\u00fcr Google Maps finden Sie unter folgendem Link: <a href=\"http:\/\/www.google.com\/intl\/de_de\/help\/terms_maps.html\" target=\"_blank\" rel=\"noreferrer noopener nofollow\">http:\/\/www.google.com\/intl\/de_de\/help\/terms_maps.html<\/a>. Die Datenschutzerkl\u00e4rung von Google ist unter folgendem Link abrufbar: <a href=\"http:\/\/www.google.de\/intl\/de\/policies\/privacy\/\" rel=\"nofollow noopener\">http:\/\/www.google.de\/intl\/de\/policies\/privacy\/<\/a>.<\/p>\n\n\n\n<h4 class=\"wp-block-heading\">Zugriffsdaten und Logfiles<\/h4>\n\n\n\n<p class=\"has-text-align-left\">Wenn Sie diese Webseite besuchen, werden \u00fcber jeden Zugriff auf den Server, auf dem sich dieser Dienst befindet, Zugriffsdaten erhoben (sogenannte Serverlogfiles). Diese sind:              <\/p>\n\n\n\n<ul class=\"wp-block-list\">\n<li>Name der abgerufenen Webseite<\/li>\n\n\n\n<li>Datei<\/li>\n\n\n\n<li>Datum und Uhrzeit der Serveranfrage<\/li>\n\n\n\n<li>\u00fcbertragene Datenmenge<\/li>\n\n\n\n<li>Bandbreite der \u00dcbertragung <\/li>\n\n\n\n<li>Meldung \u00fcber den Erfolg des Abrufs<\/li>\n\n\n\n<li>Browsertyp nebst Version<\/li>\n\n\n\n<li>Betriebssystem des Nutzers<\/li>\n\n\n\n<li>Referrer URL (die zuvor besuchte Seite)<\/li>\n\n\n\n<li>IP-Adresse<\/li>\n\n\n\n<li>anfragender Provider<\/li>\n<\/ul>\n\n\n\n<p class=\"has-text-align-left\">Diese Daten werden vom Inhaber dieser Webseite nur f\u00fcr statistische Auswertungen verwendet, um dadurch das Angebot zu optimieren. Der Inhaber der Webseite beh\u00e4lt sich jedoch das Recht vor, diese Daten im Nachhinein zukontrollieren, wenn ein berechtigter Verdacht besteht, dass es sich bei dem Zugriff auf die Webseite um eine rechtswidrige Nutzung handelt.<\/p>\n\n\n\n<p class=\"has-text-align-left\">Logfile-Informationen werden f\u00fcr die Dauer von maximal 24 Monaten gespeichert und danach gel\u00f6scht. Daten, deren weitere Aufbewahrung zu Beweiszwecken erforderlich ist, sind bis zur endg\u00fcltigen Kl\u00e4rung des jeweiligen Vorfalls von der L\u00f6schung ausgenommen.<\/p>\n\n\n\n<p class=\"has-text-align-left\">Grundlage f\u00fcr diese Datenverarbeitung der Logfiles ist Art. 6 Abs. 1 lit. b DSGVO, der die Verarbeitung von Daten zur Erf\u00fcllung eines Vertrags oder vorvertraglicher Ma\u00dfnahmen gestattet, sowie berechtigte Interessen des Inhabers der Webseite (Art. 6 Abs. 1 lit. f DSGVO).<\/p>\n\n\n\n<h4 class=\"wp-block-heading\">Weitere Informationen<\/h4>\n\n\n\n<p class=\"has-text-align-left\">Wenn Sie Fragen haben, die Ihnen diese Datenschutzerkl\u00e4rung nicht beantworten konnte oder wenn Sie zu einem Punkt vertiefte Informationen w\u00fcnschen, k\u00f6nnen Sie sich unter der im Impressum angegebenen Adresse an mich wenden.<\/p>\n\n\n\n<p>&nbsp;<\/p>\n","protected":false},"excerpt":{"rendered":"<p>Diese Datenschutzerkl\u00e4rung bezieht sich auf meine Webseite und die im Zusammenhang mit dem Besuch dieser Webseite gesammelten Daten, aber nicht auf Daten, die im Rahmen einer Psychotherapie gesammelt werden. Verantwortlicher Ing. Thomas SonnenbergMatth\u00e4usgasse 12\/81030 Wien\u00d6sterreich Telefon: +43 (681) 10 29 43 21Mail: office@psychotherapie-sonnenberg.at Datenschutz Wenn Sie telefonisch oder per E-Mail Kontakt mit mir aufnehmen, geben Sie ihr Einverst\u00e4ndnis, einen R\u00fcckruf und\/oder Informationen von mir zu erhalten. Ihre angegebenen Daten werden zwecks Bearbeitung der Anfrage, Zusendung von Infomaterial und f\u00fcr den Fall von weiteren Fragen f\u00fcr sechs Monate bei mir gespeichert (Grundlage daf\u00fcr sind Art. 6 Abs. 1 lit. a und Art. 6 Abs. 1 lit. b DSGVO). Zwingende gesetzliche Bestimmungen \u2013 insbesondere Dokumentationspflicht und Aufbewahrungsfristen \u2013 bleiben davon unber\u00fchrt. Ihre Kontaktdaten werden von mir nicht f\u00fcr Werbezwecke verwendet. Die erhobenen Daten werden auch nicht verkauft oder aus anderen Gr\u00fcnden an Dritte weitergegeben, es sei denn, ich werde gesetzlich zur Herausgabe an auskunftsberechtigte Stellen verpflichtet oder Sie geben Ihre ausdr\u00fcckliche Einwilligung dazu. Ich weise darauf hin, dass die Daten\u00fcbertragung im Internet (z.B. bei der Kommunikation per E-Mail) Sicherheitsl\u00fccken aufweisen kann. Ein l\u00fcckenloser Schutz der Daten vor dem Zugriff durch Dritte ist technisch nicht m\u00f6glich. Ich \u00fcbernehme keine Haftung f\u00fcr nicht vom Betreiber dieser Webseite verursachte Fehler bei der Daten\u00fcbertragung sowie beim unautorisierten Zugriff durch Dritte. Ihre Rechte Sie haben im Rahmen der geltenden gesetzlichen Bestimmungen das Recht auf unentgeltliche Auskunft \u00fcber Ihre gespeicherten personenbezogenen Daten, deren Herkunft und Empf\u00e4nger und den Zweck der Datenverarbeitung und ggf. ein Recht auf Berichtigung, Sperrung oder L\u00f6schung dieser Daten. Hierzu sowie zu weiteren Fragen zum Thema personenbezogene Daten k\u00f6nnen Sie sich unter der im Impressum angegebenen Adresse an mich wenden. Die Rechtm\u00e4\u00dfigkeit der bis zu einem etwaigen Widerruf erfolgten Datenverarbeitungsvorg\u00e4nge bleibt vom Widerruf unber\u00fchrt. Wenn Sie glauben, dass die Verarbeitung Ihrer Daten gegen das Datenschutzrecht verst\u00f6\u00dft oder Ihre datenschutzrechtlichen Anspr\u00fcche sonst in einer Weise verletzt worden sind, k\u00f6nnen Sie sich bei der Aufsichtsbeh\u00f6rde beschweren. In \u00d6sterreich ist dies die Datenschutzbeh\u00f6rde. Cookies Diese Webseite verwendet nur Cookies, die keine personenbezogenen Daten beinhalten. Es handelt sich dabei um f\u00fcr den Betrieb der Webseite technisch notwendige Cookies. Durch die Benutzung dieser Webseite erkl\u00e4ren Sie sich einverstanden, die Cookies zuzulassen. Die folgenden Cookies werden von dieser Webseite angelegt und verwendet:wpglobus-language (f\u00fcr Spracheinstellung)wpglobus-language-old (f\u00fcr Spracheinstellung) cookieconsent_status (f\u00fcr Cookie-Benachrichtigung) Au\u00dferdem k\u00f6nnen verlinkte Seiten\/Dienste anderer Inhaber Cookies verwenden. Hierzu geh\u00f6ren auch die von dieser Seite verwendeten Google Maps (siehe unten). Sie k\u00f6nnen sich in den Datenschutzerkl\u00e4rungen der Seiten anderer Inhaber \u00fcber deren Regelungen informieren. In den Einstellungen Ihres Webbrowsers k\u00f6nnen Sie festlegen, ob Sie Cookies zulassen wollen, und Sie k\u00f6nnen bereits gesetzte Cookies l\u00f6schen. Im Internet k\u00f6nnen Sie sich informieren, wie Sie diese Einstellungen in Ihrem Webbrowser vornehmen k\u00f6nnen. Bei Nichtverwendung von Cookies bietet diese Website aber m\u00f6glicherweise nicht den von Ihnen erwarteten Funktionsumfang. Profiling Ihre Daten werden von mir nicht f\u00fcr eine automatische Entscheidungsfindung oder f\u00fcr Profiling verwendet. Google Webfonts Zur optisch verbesserten Darstellung verschiedener Informationen auf dieser Website werden Google Webfonts (http:\/\/www.google.com\/webfonts\/) verwendet; diese werden jedoch nicht von den Servern von Google geladen, sondern sie sind auf den Servern, auf denen die Webseite www.psychotherapie-sonnenberg.at gehostet wird, lokal gespeichert und werden von dort in den Browser \u00fcbertragen. Beim Betrachten dieser Webseite werden daher keine anwenderspezifischen Daten (z.B. IP-Adressen) an Google und die ressourcenspezifischen Domains fonts.googleapis.com oder fonts.gstatic.com gesendet. Die Webfonts werden beim Aufruf der Seite in den Cache des Browsers \u00fcbertragen, um sie f\u00fcr die Darstellung nutzen zu k\u00f6nnen. Falls der Browser die Google Webfonts nicht unterst\u00fctzt oder Sie den den Zugriff darauf unterbinden, wird der Text in einer Standardschrift angezeigt. Google Maps Diese Webseite verwendet Google Maps, um den Standort der Praxis darzustellen, damit Sie diese leichter auffinden k\u00f6nnen. Dies stellt ein berechtigtes Interesse im Sinne von Art. 6 Abs. 1 lit. f DSGVO dar. Eine Verbindung zu Servern von Google zum Anzeigen von Google Maps wird nur aufgebaut, wenn Sie dem Laden von Google Maps durch Klicken auf den Link &#8220;Google Karte laden&#8221; (auf der Kontakt-Seite dieser Webseite) zustimmen. Erst dann werden zur Nutzung der Funktionen von Google Maps anwenderspezifische Daten (z.B. Ihre IP-Adresse) erhoben, an Server von Google in den USA \u00fcbertragen, dort verarbeitet und gespeichert. Der Anbieter der Webseite www.psychotherapie-sonnenberg.at hat keinen weiteren Einfluss auf diese Daten\u00fcbertragung. Google Maps wird von Google Inc., 1600 Amphitheatre Parkway, Mountain View, CA 94043, USA betrieben. Zur Nutzung der Funktionen von Google Maps wird Ihre IP-Adresse in der Regel an einen Server von Google in den USA \u00fcbertragen und dort gespeichert. Mit der Nutzung der Google Maps, die auf dieser Webseite dieser Webseite verlinkt oder eingebettet sind, erkl\u00e4ren Sie sich mit der Verarbeitung der \u00fcber Sie gesammelten Daten durch Google einverstanden. Die Nutzungsbedingungen f\u00fcr Google Maps finden Sie unter folgendem Link: http:\/\/www.google.com\/intl\/de_de\/help\/terms_maps.html. Die Datenschutzerkl\u00e4rung von Google ist unter folgendem Link abrufbar: http:\/\/www.google.de\/intl\/de\/policies\/privacy\/. Zugriffsdaten und Logfiles Wenn Sie diese Webseite besuchen, werden \u00fcber jeden Zugriff auf den Server, auf dem sich dieser Dienst befindet, Zugriffsdaten erhoben (sogenannte Serverlogfiles). Diese sind: Diese Daten werden vom Inhaber dieser Webseite nur f\u00fcr statistische Auswertungen verwendet, um dadurch das Angebot zu optimieren. Der Inhaber der Webseite beh\u00e4lt sich jedoch das Recht vor, diese Daten im Nachhinein zukontrollieren, wenn ein berechtigter Verdacht besteht, dass es sich bei dem Zugriff auf die Webseite um eine rechtswidrige Nutzung handelt. Logfile-Informationen werden f\u00fcr die Dauer von maximal 24 Monaten gespeichert und danach gel\u00f6scht. Daten, deren weitere Aufbewahrung zu Beweiszwecken erforderlich ist, sind bis zur endg\u00fcltigen Kl\u00e4rung des jeweiligen Vorfalls von der L\u00f6schung ausgenommen. Grundlage f\u00fcr diese Datenverarbeitung der Logfiles ist Art. 6 Abs. 1 lit. b DSGVO, der die Verarbeitung von Daten zur Erf\u00fcllung eines Vertrags oder vorvertraglicher Ma\u00dfnahmen gestattet, sowie berechtigte Interessen des Inhabers der Webseite (Art. 6 Abs. 1 lit. f DSGVO). Weitere Informationen Wenn Sie Fragen haben, die Ihnen diese Datenschutzerkl\u00e4rung nicht beantworten konnte oder wenn Sie zu einem Punkt vertiefte Informationen w\u00fcnschen, k\u00f6nnen Sie sich unter der im Impressum angegebenen Adresse an mich wenden. &nbsp;<\/p>\n","protected":false},"author":1,"featured_media":0,"parent":0,"menu_order":0,"comment_status":"closed","ping_status":"closed","template":"","meta":{"footnotes":""},"class_list":["post-141","page","type-page","status-publish","hentry"],"translation":{"provider":"WPGlobus","version":"3.0.2","language":"en","enabled_languages":["de","en"],"languages":{"de":{"title":true,"content":true,"excerpt":false},"en":{"title":true,"content":true,"excerpt":false}}},"_links":{"self":[{"href":"https:\/\/www.psychotherapie-sonnenberg.at\/en\/wp-json\/wp\/v2\/pages\/141","targetHints":{"allow":["GET"]}}],"collection":[{"href":"https:\/\/www.psychotherapie-sonnenberg.at\/en\/wp-json\/wp\/v2\/pages"}],"about":[{"href":"https:\/\/www.psychotherapie-sonnenberg.at\/en\/wp-json\/wp\/v2\/types\/page"}],"author":[{"embeddable":true,"href":"https:\/\/www.psychotherapie-sonnenberg.at\/en\/wp-json\/wp\/v2\/users\/1"}],"replies":[{"embeddable":true,"href":"https:\/\/www.psychotherapie-sonnenberg.at\/en\/wp-json\/wp\/v2\/comments?post=141"}],"version-history":[{"count":86,"href":"https:\/\/www.psychotherapie-sonnenberg.at\/en\/wp-json\/wp\/v2\/pages\/141\/revisions"}],"predecessor-version":[{"id":1870,"href":"https:\/\/www.psychotherapie-sonnenberg.at\/en\/wp-json\/wp\/v2\/pages\/141\/revisions\/1870"}],"wp:attachment":[{"href":"https:\/\/www.psychotherapie-sonnenberg.at\/en\/wp-json\/wp\/v2\/media?parent=141"}],"curies":[{"name":"wp","href":"https:\/\/api.w.org\/{rel}","templated":true}]}}